{"id":263,"date":"2017-10-27T11:18:23","date_gmt":"2017-10-27T11:18:23","guid":{"rendered":"https:\/\/tamaragh.com\/?page_id=263"},"modified":"2022-11-07T15:02:53","modified_gmt":"2022-11-07T15:02:53","slug":"hakkimizda","status":"publish","type":"page","link":"https:\/\/tamaragh.com\/en\/hakkimizda\/","title":{"rendered":"About Us"},"content":{"rendered":"<div class=\"vc_row wpb_row vc_row-fluid\"><div class=\"wpb_column vc_column_container vc_col-sm-12 sc_layouts_column_icons_position_left\"><div class=\"vc_column-inner\"><div class=\"wpb_wrapper\"><div id=\"sc_content_281773838\"\r\n\t\tclass=\"sc_content color_style_default sc_content_default sc_float_center box_shadows_content\"><div class=\"sc_content_container\"><div class=\"vc_empty_space\"   style=\"height: 2em\"><span class=\"vc_empty_space_inner\"><\/span><\/div><div id=\"sc_title_1896413030\"\n\t\tclass=\"sc_title color_style_default sc_title_modern\"><h2 class=\"sc_item_title sc_title_title sc_align_center sc_item_title_style_modern sc_item_title_tag\">handle your transactions<\/h2><div class=\"sc_item_descr sc_title_descr sc_align_center\"><p>Who are we?<\/p>\n<\/div><\/div><!-- \/.sc_title --><div class=\"vc_empty_space\"   style=\"height: 2em\"><span class=\"vc_empty_space_inner\"><\/span><\/div><div class=\"vc_empty_space  hide_on_tablet hide_on_mobile\"   style=\"height: 2.1em\"><span class=\"vc_empty_space_inner\"><\/span><\/div><div class=\"vc_tta-container\" data-vc-action=\"collapse\"><div class=\"vc_general vc_tta vc_tta-tabs vc_tta-color-grey vc_tta-style-classic vc_tta-shape-rounded vc_tta-spacing-1 vc_tta-o-no-fill vc_tta-tabs-position-top vc_tta-controls-align-center\"><div class=\"vc_tta-tabs-container\"><ul class=\"vc_tta-tabs-list\"><li class=\"vc_tta-tab vc_active\" data-vc-tab><a href=\"#1509097109031-3a20629a-771d\" data-vc-tabs data-vc-container=\".vc_tta\"><span class=\"vc_tta-title-text\">About Us<\/span><\/a><\/li><li class=\"vc_tta-tab\" data-vc-tab><a href=\"#1509097252056-efb853ed-aea9\" data-vc-tabs data-vc-container=\".vc_tta\"><span class=\"vc_tta-title-text\">Our Mission<\/span><\/a><\/li><\/ul><\/div><div class=\"vc_tta-panels-container\"><div class=\"vc_tta-panels\"><div class=\"vc_tta-panel vc_active\" id=\"1509097109031-3a20629a-771d\" data-vc-content=\".vc_tta-panel-body\"><div class=\"vc_tta-panel-heading\"><h4 class=\"vc_tta-panel-title\"><a href=\"#1509097109031-3a20629a-771d\" data-vc-accordion data-vc-container=\".vc_tta-container\"><span class=\"vc_tta-title-text\">About Us<\/span><\/a><\/h4><\/div><div class=\"vc_tta-panel-body\">\n\t<div class=\"wpb_text_column wpb_content_element\" >\n\t\t<div class=\"wpb_wrapper\">\n\t\t\t<p class=\"p1\" style=\"text-align: left;\">Due to the fact that Turkey has become one of the most demanded countries in the field of health in recent years, the need for professional institutions to serve international patients has gradually increased. Tamara Global Health, which was founded by a group of health professionals, translators and social scientists, was established to provide the service you need at all stages of your health care in Turkey. With all official permissions and transparency competent experts in the fields of accommodation, transfer, visa and translation make the necessary planning before the patient reaches Turkey. Our main services include aesthetic surgery, botox and fillers, orthopedic, surgery, neurosurgery, oncology, physical therapy, hair transplant, check-up, dental diseases, neurology, cardiology, gynaecology, urology, general surgery and otorhinolaryngology (ear, nose and throat).<span class=\"Apple-converted-space\">\u00a0<\/span><\/p>\n\n\t\t<\/div>\n\t<\/div>\n<div class=\"vc_empty_space\"   style=\"height: 2em\"><span class=\"vc_empty_space_inner\"><\/span><\/div><\/div><\/div><div class=\"vc_tta-panel\" id=\"1509097252056-efb853ed-aea9\" data-vc-content=\".vc_tta-panel-body\"><div class=\"vc_tta-panel-heading\"><h4 class=\"vc_tta-panel-title\"><a href=\"#1509097252056-efb853ed-aea9\" data-vc-accordion data-vc-container=\".vc_tta-container\"><span class=\"vc_tta-title-text\">Our Mission<\/span><\/a><\/h4><\/div><div class=\"vc_tta-panel-body\">\n\t<div class=\"wpb_text_column wpb_content_element\" >\n\t\t<div class=\"wpb_wrapper\">\n\t\t\t<p class=\"p1\" style=\"text-align: left;\">Ensuring that patients who come to our country receive the most appropriate treatment by improving our perspective on International Health Tourism, with an understanding of quality service. To provide access to the fastest and most efficient treatment by keeping a patient-oriented perspective in line with our quality standards and principles.<span class=\"Apple-converted-space\">\u00a0<\/span><\/p>\n\n\t\t<\/div>\n\t<\/div>\n<\/div><\/div><\/div><\/div><\/div><\/div><\/div><\/div><!-- \/.sc_content --><\/div><\/div><\/div><\/div><div class=\"vc_row wpb_row vc_row-fluid\"><div class=\"wpb_column vc_column_container vc_col-sm-12 sc_layouts_column_icons_position_left\"><div class=\"vc_column-inner\"><div class=\"wpb_wrapper\"><div class=\"vc_empty_space  hide_on_tablet hide_on_mobile\"   style=\"height: 2.2em\"><span class=\"vc_empty_space_inner\"><\/span><\/div><\/div><\/div><\/div><\/div><div class=\"vc_row wpb_row vc_row-fluid\"><div class=\"wpb_column vc_column_container vc_col-sm-12 sc_layouts_column_icons_position_left\"><div class=\"vc_column-inner\"><div class=\"wpb_wrapper\"><div id=\"sc_content_1525579579\"\r\n\t\tclass=\"sc_content color_style_default sc_content_default sc_float_center box_shadows_content\"><div class=\"sc_content_container\"><div class=\"vc_empty_space\"   style=\"height: 2em\"><span class=\"vc_empty_space_inner\"><\/span><\/div><div id=\"sc_title_957618573\"\n\t\tclass=\"sc_title color_style_default sc_title_modern\"><h2 class=\"sc_item_title sc_title_title sc_align_center sc_item_title_style_modern sc_item_title_tag\">Quality and Service Policy<\/h2><div class=\"sc_item_descr sc_title_descr sc_align_center\"><p>Working Procedure<\/p>\n<\/div><\/div><!-- \/.sc_title --><div class=\"vc_empty_space\"   style=\"height: 2em\"><span class=\"vc_empty_space_inner\"><\/span><\/div><div class=\"vc_empty_space  hide_on_tablet hide_on_mobile\"   style=\"height: 2.1em\"><span class=\"vc_empty_space_inner\"><\/span><\/div><div class=\"vc_tta-container\" data-vc-action=\"collapse\"><div class=\"vc_general vc_tta vc_tta-tabs vc_tta-color-grey vc_tta-style-classic vc_tta-shape-rounded vc_tta-spacing-1 vc_tta-o-no-fill vc_tta-tabs-position-top vc_tta-controls-align-center\"><div class=\"vc_tta-tabs-container\"><ul class=\"vc_tta-tabs-list\"><li class=\"vc_tta-tab vc_active\" data-vc-tab><a href=\"#1663162171370-218d57b4-7c02\" data-vc-tabs data-vc-container=\".vc_tta\"><span class=\"vc_tta-title-text\">Initiation of Treatment<\/span><\/a><\/li><li class=\"vc_tta-tab\" data-vc-tab><a href=\"#1663162171387-fff256c6-223f\" data-vc-tabs data-vc-container=\".vc_tta\"><span class=\"vc_tta-title-text\">Treatment Package<\/span><\/a><\/li><li class=\"vc_tta-tab\" data-vc-tab><a href=\"#1663162532994-a15386b3-c36d\" data-vc-tabs data-vc-container=\".vc_tta\"><span class=\"vc_tta-title-text\">Post-treatment<\/span><\/a><\/li><li class=\"vc_tta-tab\" data-vc-tab><a href=\"#1663163726120-57eb3b9d-0742\" data-vc-tabs data-vc-container=\".vc_tta\"><span class=\"vc_tta-title-text\">Why Tu\u0308rkiye<\/span><\/a><\/li><\/ul><\/div><div class=\"vc_tta-panels-container\"><div class=\"vc_tta-panels\"><div class=\"vc_tta-panel vc_active\" id=\"1663162171370-218d57b4-7c02\" data-vc-content=\".vc_tta-panel-body\"><div class=\"vc_tta-panel-heading\"><h4 class=\"vc_tta-panel-title\"><a href=\"#1663162171370-218d57b4-7c02\" data-vc-accordion data-vc-container=\".vc_tta-container\"><span class=\"vc_tta-title-text\">Initiation of Treatment<\/span><\/a><\/h4><\/div><div class=\"vc_tta-panel-body\">\n\t<div class=\"wpb_text_column wpb_content_element\" >\n\t\t<div class=\"wpb_wrapper\">\n\t\t\t<ul>\n<li>The patient shares his\/her complaints and medical reports for preliminary diagnosis.<\/li>\n<li>Patient complaints and health reports are shared with doctors in contracted health institutions and the most appropriate doctor is selected.<\/li>\n<li>Prescribed treatment and medical procedures are determined.<\/li>\n<\/ul>\n\n\t\t<\/div>\n\t<\/div>\n<div class=\"vc_empty_space\"   style=\"height: 2em\"><span class=\"vc_empty_space_inner\"><\/span><\/div><\/div><\/div><div class=\"vc_tta-panel\" id=\"1663162171387-fff256c6-223f\" data-vc-content=\".vc_tta-panel-body\"><div class=\"vc_tta-panel-heading\"><h4 class=\"vc_tta-panel-title\"><a href=\"#1663162171387-fff256c6-223f\" data-vc-accordion data-vc-container=\".vc_tta-container\"><span class=\"vc_tta-title-text\">Treatment Package<\/span><\/a><\/h4><\/div><div class=\"vc_tta-panel-body\">\n\t<div class=\"wpb_text_column wpb_content_element\" >\n\t\t<div class=\"wpb_wrapper\">\n\t\t\t<ul>\n<li>A report in which the details of the costs and treatment process are prepared is shared with the patient.<\/li>\n<li>From the moment patienta decides to undergo treatment, the conditions of the \"medical visa\", if necessary, are communicated to them.<\/li>\n<li>After the medical visa is approved, an appointment is made from the designated health institution for treatment.<\/li>\n<li>Your hotel reservation is made, and your flights are arranged according to your preferred accommodation type and treatment process.<\/li>\n<li>Our team welcomes the patient at the airport on the specified day and time.<\/li>\n<\/ul>\n\n\t\t<\/div>\n\t<\/div>\n<\/div><\/div><div class=\"vc_tta-panel\" id=\"1663162532994-a15386b3-c36d\" data-vc-content=\".vc_tta-panel-body\"><div class=\"vc_tta-panel-heading\"><h4 class=\"vc_tta-panel-title\"><a href=\"#1663162532994-a15386b3-c36d\" data-vc-accordion data-vc-container=\".vc_tta-container\"><span class=\"vc_tta-title-text\">Post-treatment<\/span><\/a><\/h4><\/div><div class=\"vc_tta-panel-body\">\n\t<div class=\"wpb_text_column wpb_content_element\" >\n\t\t<div class=\"wpb_wrapper\">\n\t\t\t<ul>\n<li>For post-treatment follow-up, the patient is given a follow-up schedule and contact information.<\/li>\n<li>After the treatment, holiday or cultural tours can be organized according to the patient's request.<\/li>\n<li>Airport transfer is arranged according to the end of the treatment process.<\/li>\n<\/ul>\n\n\t\t<\/div>\n\t<\/div>\n<\/div><\/div><div class=\"vc_tta-panel\" id=\"1663163726120-57eb3b9d-0742\" data-vc-content=\".vc_tta-panel-body\"><div class=\"vc_tta-panel-heading\"><h4 class=\"vc_tta-panel-title\"><a href=\"#1663163726120-57eb3b9d-0742\" data-vc-accordion data-vc-container=\".vc_tta-container\"><span class=\"vc_tta-title-text\">Why Tu\u0308rkiye<\/span><\/a><\/h4><\/div><div class=\"vc_tta-panel-body\">\n\t<div class=\"wpb_text_column wpb_content_element\" >\n\t\t<div class=\"wpb_wrapper\">\n\t\t\t<p class=\"p1\">All the contracted institutions throughout Turkey are Hospitals accredited by national and international organizations such as JCI, ISO, TAHA, TMA and Equipped with High Technology.<span class=\"Apple-converted-space\">\u00a0<\/span><\/p>\n<p class=\"p1\">Quality, reliable and high-standard hospitals inspected by the Ministry of Health achieve high success in the treatment of even the most difficult patients.<span class=\"Apple-converted-space\">\u00a0<\/span><\/p>\n<p class=\"p1\">Experienced doctors in their fields successfully serve in hospitals equipped with advanced technology with international recognition.<span class=\"Apple-converted-space\">\u00a0<\/span><\/p>\n<p class=\"p1\">Compared to USA, ASIAN AND EUROPE, it is a country with many advantages in terms of time to reach treatment and quality of treatment.<span class=\"Apple-converted-space\">\u00a0<\/span><\/p>\n\n\t\t<\/div>\n\t<\/div>\n<\/div><\/div><\/div><\/div><\/div><\/div><\/div><\/div><!-- \/.sc_content --><\/div><\/div><\/div><\/div>","protected":false},"excerpt":{"rendered":"Tamara Global HealthBiz Kimiz? Hakk\u0131m\u0131zdaMisyonumuzHakk\u0131m\u0131zda T\u00fcrkiye'nin son y\u0131llarda sa\u011fl\u0131k alan\u0131nda en \u00e7ok talep g\u00f6ren \u00fclkelerden&hellip;","protected":false},"author":1,"featured_media":0,"parent":0,"menu_order":0,"comment_status":"closed","ping_status":"closed","template":"","meta":{"footnotes":""},"class_list":["post-263","page","type-page","status-publish","hentry"],"yoast_head":"<!-- This site is optimized with the Yoast SEO plugin v27.4 - https:\/\/yoast.com\/product\/yoast-seo-wordpress\/ -->\n<title>Tamara Global Health - Hakk\u0131m\u0131zda<\/title>\n<meta name=\"description\" content=\"Hakk\u0131m\u0131zda - Tamara Global Health\" \/>\n<meta name=\"robots\" content=\"index, follow, max-snippet:-1, max-image-preview:large, max-video-preview:-1\" \/>\n<link rel=\"canonical\" href=\"https:\/\/tamaragh.com\/en\/hakkimizda\/\" \/>\n<meta property=\"og:locale\" content=\"en_US\" \/>\n<meta property=\"og:type\" content=\"article\" \/>\n<meta property=\"og:title\" content=\"Tamara Global Health - Hakk\u0131m\u0131zda\" \/>\n<meta property=\"og:description\" content=\"Hakk\u0131m\u0131zda - Tamara Global Health\" \/>\n<meta property=\"og:url\" content=\"https:\/\/tamaragh.com\/en\/hakkimizda\/\" \/>\n<meta property=\"og:site_name\" content=\"Tamara Global Health\" \/>\n<meta property=\"article:modified_time\" content=\"2022-11-07T15:02:53+00:00\" \/>\n<meta name=\"twitter:card\" content=\"summary_large_image\" \/>\n<meta name=\"twitter:label1\" content=\"Est. reading time\" \/>\n\t<meta name=\"twitter:data1\" content=\"3 minutes\" \/>\n<script type=\"application\/ld+json\" class=\"yoast-schema-graph\">{\"@context\":\"https:\\\/\\\/schema.org\",\"@graph\":[{\"@type\":\"WebPage\",\"@id\":\"https:\\\/\\\/tamaragh.com\\\/hakkimizda\\\/\",\"url\":\"https:\\\/\\\/tamaragh.com\\\/hakkimizda\\\/\",\"name\":\"Tamara Global Health - Hakk\u0131m\u0131zda\",\"isPartOf\":{\"@id\":\"https:\\\/\\\/tamaragh.com\\\/#website\"},\"datePublished\":\"2017-10-27T11:18:23+00:00\",\"dateModified\":\"2022-11-07T15:02:53+00:00\",\"description\":\"Hakk\u0131m\u0131zda - Tamara Global Health\",\"breadcrumb\":{\"@id\":\"https:\\\/\\\/tamaragh.com\\\/hakkimizda\\\/#breadcrumb\"},\"inLanguage\":\"en-US\",\"potentialAction\":[{\"@type\":\"ReadAction\",\"target\":[\"https:\\\/\\\/tamaragh.com\\\/hakkimizda\\\/\"]}]},{\"@type\":\"BreadcrumbList\",\"@id\":\"https:\\\/\\\/tamaragh.com\\\/hakkimizda\\\/#breadcrumb\",\"itemListElement\":[{\"@type\":\"ListItem\",\"position\":1,\"name\":\"Anasayfa\",\"item\":\"https:\\\/\\\/tamaragh.com\\\/\"},{\"@type\":\"ListItem\",\"position\":2,\"name\":\"Hakk\u0131m\u0131zda\"}]},{\"@type\":\"WebSite\",\"@id\":\"https:\\\/\\\/tamaragh.com\\\/#website\",\"url\":\"https:\\\/\\\/tamaragh.com\\\/\",\"name\":\"Tamara Global Health\",\"description\":\"Health Tourism\",\"publisher\":{\"@id\":\"https:\\\/\\\/tamaragh.com\\\/#organization\"},\"potentialAction\":[{\"@type\":\"SearchAction\",\"target\":{\"@type\":\"EntryPoint\",\"urlTemplate\":\"https:\\\/\\\/tamaragh.com\\\/?s={search_term_string}\"},\"query-input\":{\"@type\":\"PropertyValueSpecification\",\"valueRequired\":true,\"valueName\":\"search_term_string\"}}],\"inLanguage\":\"en-US\"},{\"@type\":\"Organization\",\"@id\":\"https:\\\/\\\/tamaragh.com\\\/#organization\",\"name\":\"Tamara Global Health\",\"url\":\"https:\\\/\\\/tamaragh.com\\\/\",\"logo\":{\"@type\":\"ImageObject\",\"inLanguage\":\"en-US\",\"@id\":\"https:\\\/\\\/tamaragh.com\\\/#\\\/schema\\\/logo\\\/image\\\/\",\"url\":\"https:\\\/\\\/tamaragh.com\\\/wp-content\\\/uploads\\\/2022\\\/10\\\/tamara-web-01.png\",\"contentUrl\":\"https:\\\/\\\/tamaragh.com\\\/wp-content\\\/uploads\\\/2022\\\/10\\\/tamara-web-01.png\",\"width\":1042,\"height\":250,\"caption\":\"Tamara Global Health\"},\"image\":{\"@id\":\"https:\\\/\\\/tamaragh.com\\\/#\\\/schema\\\/logo\\\/image\\\/\"},\"sameAs\":[\"https:\\\/\\\/www.instagram.com\\\/tamaraglobalhealth\\\/\"]}]}<\/script>\n<!-- \/ Yoast SEO plugin. -->","yoast_head_json":{"title":"Tamara Global Health - Hakk\u0131m\u0131zda","description":"Hakk\u0131m\u0131zda - Tamara Global Health","robots":{"index":"index","follow":"follow","max-snippet":"max-snippet:-1","max-image-preview":"max-image-preview:large","max-video-preview":"max-video-preview:-1"},"canonical":"https:\/\/tamaragh.com\/en\/hakkimizda\/","og_locale":"en_US","og_type":"article","og_title":"Tamara Global Health - Hakk\u0131m\u0131zda","og_description":"Hakk\u0131m\u0131zda - Tamara Global Health","og_url":"https:\/\/tamaragh.com\/en\/hakkimizda\/","og_site_name":"Tamara Global Health","article_modified_time":"2022-11-07T15:02:53+00:00","twitter_card":"summary_large_image","twitter_misc":{"Est. reading time":"3 minutes"},"schema":{"@context":"https:\/\/schema.org","@graph":[{"@type":"WebPage","@id":"https:\/\/tamaragh.com\/hakkimizda\/","url":"https:\/\/tamaragh.com\/hakkimizda\/","name":"Tamara Global Health - Hakk\u0131m\u0131zda","isPartOf":{"@id":"https:\/\/tamaragh.com\/#website"},"datePublished":"2017-10-27T11:18:23+00:00","dateModified":"2022-11-07T15:02:53+00:00","description":"Hakk\u0131m\u0131zda - Tamara Global Health","breadcrumb":{"@id":"https:\/\/tamaragh.com\/hakkimizda\/#breadcrumb"},"inLanguage":"en-US","potentialAction":[{"@type":"ReadAction","target":["https:\/\/tamaragh.com\/hakkimizda\/"]}]},{"@type":"BreadcrumbList","@id":"https:\/\/tamaragh.com\/hakkimizda\/#breadcrumb","itemListElement":[{"@type":"ListItem","position":1,"name":"Anasayfa","item":"https:\/\/tamaragh.com\/"},{"@type":"ListItem","position":2,"name":"Hakk\u0131m\u0131zda"}]},{"@type":"WebSite","@id":"https:\/\/tamaragh.com\/#website","url":"https:\/\/tamaragh.com\/","name":"handle your transactions","description":"Health Tourism","publisher":{"@id":"https:\/\/tamaragh.com\/#organization"},"potentialAction":[{"@type":"SearchAction","target":{"@type":"EntryPoint","urlTemplate":"https:\/\/tamaragh.com\/?s={search_term_string}"},"query-input":{"@type":"PropertyValueSpecification","valueRequired":true,"valueName":"search_term_string"}}],"inLanguage":"en-US"},{"@type":"Organization","@id":"https:\/\/tamaragh.com\/#organization","name":"handle your transactions","url":"https:\/\/tamaragh.com\/","logo":{"@type":"ImageObject","inLanguage":"en-US","@id":"https:\/\/tamaragh.com\/#\/schema\/logo\/image\/","url":"https:\/\/tamaragh.com\/wp-content\/uploads\/2022\/10\/tamara-web-01.png","contentUrl":"https:\/\/tamaragh.com\/wp-content\/uploads\/2022\/10\/tamara-web-01.png","width":1042,"height":250,"caption":"Tamara Global Health"},"image":{"@id":"https:\/\/tamaragh.com\/#\/schema\/logo\/image\/"},"sameAs":["https:\/\/www.instagram.com\/tamaraglobalhealth\/"]}]}},"_links":{"self":[{"href":"https:\/\/tamaragh.com\/en\/wp-json\/wp\/v2\/pages\/263","targetHints":{"allow":["GET"]}}],"collection":[{"href":"https:\/\/tamaragh.com\/en\/wp-json\/wp\/v2\/pages"}],"about":[{"href":"https:\/\/tamaragh.com\/en\/wp-json\/wp\/v2\/types\/page"}],"author":[{"embeddable":true,"href":"https:\/\/tamaragh.com\/en\/wp-json\/wp\/v2\/users\/1"}],"replies":[{"embeddable":true,"href":"https:\/\/tamaragh.com\/en\/wp-json\/wp\/v2\/comments?post=263"}],"version-history":[{"count":10,"href":"https:\/\/tamaragh.com\/en\/wp-json\/wp\/v2\/pages\/263\/revisions"}],"predecessor-version":[{"id":1854,"href":"https:\/\/tamaragh.com\/en\/wp-json\/wp\/v2\/pages\/263\/revisions\/1854"}],"wp:attachment":[{"href":"https:\/\/tamaragh.com\/en\/wp-json\/wp\/v2\/media?parent=263"}],"curies":[{"name":"wp","href":"https:\/\/api.w.org\/{rel}","templated":true}]}}