{"id":153,"date":"2017-10-25T15:49:18","date_gmt":"2017-10-25T15:49:18","guid":{"rendered":"https:\/\/tamaragh.com\/?page_id=153"},"modified":"2023-10-09T11:58:27","modified_gmt":"2023-10-09T11:58:27","slug":"iletisim","status":"publish","type":"page","link":"https:\/\/tamaragh.com\/ar\/iletisim\/","title":{"rendered":"\u0627\u0644\u0627\u062a\u0635\u0627\u0644"},"content":{"rendered":"<div class=\"vc_row wpb_row vc_row-fluid\"><div class=\"wpb_column vc_column_container vc_col-sm-12 sc_layouts_column_icons_position_left\"><div class=\"vc_column-inner\"><div class=\"wpb_wrapper\"><div class=\"vc_empty_space\"   style=\"height: 1.3em\"><span class=\"vc_empty_space_inner\"><\/span><\/div><div id=\"sc_title_331888316\"\n\t\tclass=\"sc_title color_style_default sc_title_modern\"><h2 class=\"sc_item_title sc_title_title sc_align_center sc_item_title_style_modern sc_item_title_tag\">\u0627\u0644\u0627\u062a\u0635\u0627\u0644<\/h2><div class=\"sc_item_descr sc_title_descr sc_align_center\"><p>\u0627\u062a\u0635\u0644 \u0628\u0646\u0627<\/p>\n<\/div><\/div><!-- \/.sc_title --><\/div><\/div><\/div><\/div><div class=\"vc_row wpb_row vc_row-fluid\"><div class=\"wpb_column vc_column_container vc_col-sm-12 sc_layouts_column_icons_position_left\"><div class=\"vc_column-inner\"><div class=\"wpb_wrapper\"><div class=\"vc_empty_space\"   style=\"height: 2em\"><span class=\"vc_empty_space_inner\"><\/span><\/div><div class=\"vc_empty_space  hide_on_tablet hide_on_mobile\"   style=\"height: 1.97em\"><span class=\"vc_empty_space_inner\"><\/span><\/div><div id=\"sc_content_251169479\"\r\n\t\tclass=\"sc_content color_style_default sc_content_default sc_content_width_70p sc_float_center\"><div class=\"sc_content_container\"><div id=\"sc_icons_2063987612\" \n\tclass=\"sc_icons sc_icons_modern sc_icons_size_medium sc_align_center\"><div class=\"sc_icons_columns_wrap sc_item_columns trx_addons_columns_wrap columns_padding_bottom\"><div class=\"trx_addons_column-1_3\"><div class=\"sc_icons_item\"><div id=\"sc_icons_2063987612_icon-placeholder\" class=\"sc_icons_icon sc_icon_type_ icon-placeholder\"\n\t\t\t\t\t\t\t\t\t\t\t\t><span class=\"sc_icon_type_ icon-placeholder\"><\/span><\/div><h4 class=\"sc_icons_item_title\"><span>\u062a\u0628\u0648\u0643<\/span><\/h4><div class=\"sc_icons_item_description\"><span>\u0130n\u00f6n\u00fc mahalesi 1406 sokak  d\u0131\u015fkap\u0131 no:14 i\u00e7 kap\u0131 no:4  YEN\u0130\u015eEHIR\/MERS\u0130N<\/span><\/div><\/div><\/div><div class=\"trx_addons_column-1_3\"><div class=\"sc_icons_item\"><div id=\"sc_icons_2063987612_icon-email-12\" class=\"sc_icons_icon sc_icon_type_ icon-email-12\"\n\t\t\t\t\t\t\t\t\t\t\t\t><span class=\"sc_icon_type_ icon-email-12\"><\/span><\/div><h4 class=\"sc_icons_item_title\"><span>\u0628\u0631\u064a\u062f \u0625\u0644\u0643\u062a\u0631\u0648\u0646\u064a<\/span><\/h4><div class=\"sc_icons_item_description\"><span> <a href='mailto:info@tamaragh.com'>info@tamaragh.com<\/a><\/span><\/div><\/div><\/div><div class=\"trx_addons_column-1_3\"><div class=\"sc_icons_item\"><div id=\"sc_icons_2063987612_icon-smartphone\" class=\"sc_icons_icon sc_icon_type_ icon-smartphone\"\n\t\t\t\t\t\t\t\t\t\t\t\t><span class=\"sc_icon_type_ icon-smartphone\"><\/span><\/div><h4 class=\"sc_icons_item_title\"><span>\u0631\u0642\u0645 \u0627\u0644\u0647\u0627\u062a\u0641<\/span><\/h4><div class=\"sc_icons_item_description\"><span><a href=\"tel:009\u200e05059286206\"> Y\u00fcksel Kutay <br \/>+90 (505) \u200e928 62 06<\/a><\/span><\/div><\/div><\/div><\/div><\/div><!-- \/.sc_icons --><\/div><\/div><!-- \/.sc_content --><div class=\"vc_empty_space\"   style=\"height: 2em\"><span class=\"vc_empty_space_inner\"><\/span><\/div><div class=\"vc_empty_space  hide_on_tablet hide_on_mobile\"   style=\"height: 3.4em\"><span class=\"vc_empty_space_inner\"><\/span><\/div>\n<div class=\"wpcf7 no-js\" id=\"wpcf7-f5-o1\" lang=\"en-US\" dir=\"ltr\" data-wpcf7-id=\"5\">\n<div class=\"screen-reader-response\"><p role=\"status\" aria-live=\"polite\" aria-atomic=\"true\"><\/p> <ul><\/ul><\/div>\n<form action=\"\/ar\/wp-json\/wp\/v2\/pages\/153#wpcf7-f5-o1\" method=\"post\" class=\"wpcf7-form init\" aria-label=\"Contact form\" novalidate=\"novalidate\" data-status=\"init\" data-trp-original-action=\"\/ar\/wp-json\/wp\/v2\/pages\/153#wpcf7-f5-o1\">\n<fieldset class=\"hidden-fields-container\"><input type=\"hidden\" name=\"_wpcf7\" value=\"5\" \/><input type=\"hidden\" name=\"_wpcf7_version\" value=\"6.1.5\" \/><input type=\"hidden\" name=\"_wpcf7_locale\" value=\"en_US\" \/><input type=\"hidden\" name=\"_wpcf7_unit_tag\" value=\"wpcf7-f5-o1\" \/><input type=\"hidden\" name=\"_wpcf7_container_post\" value=\"0\" \/><input type=\"hidden\" name=\"_wpcf7_posted_data_hash\" value=\"\" \/>\n<\/fieldset>\n<div class=\"columns_wrap contact\">\n\t<div class=\"column-1_3\">\n\t\t<p><span class=\"wpcf7-form-control-wrap\" data-name=\"your-name\"><input size=\"40\" maxlength=\"400\" class=\"wpcf7-form-control wpcf7-text wpcf7-validates-as-required\" aria-required=\"true\" aria-invalid=\"false\" placeholder=\"\u0627\u0633\u0645 \u0627\u0644\u0644\u0642\u0628\" value=\"\" type=\"text\" name=\"your-name\" \/><\/span>\n\t\t<\/p>\n\t<\/div>\n\t<div class=\"column-1_3\">\n\t\t<p><span class=\"wpcf7-form-control-wrap\" data-name=\"your-email\"><input size=\"40\" maxlength=\"400\" class=\"wpcf7-form-control wpcf7-email wpcf7-validates-as-required wpcf7-text wpcf7-validates-as-email\" aria-required=\"true\" aria-invalid=\"false\" placeholder=\"\u0628\u0631\u064a\u062f \u0625\u0644\u0643\u062a\u0631\u0648\u0646\u064a\" value=\"\" type=\"email\" name=\"your-email\" \/><\/span>\n\t\t<\/p>\n\t<\/div>\n\t<div class=\"column-1_3\">\n\t\t<p><span class=\"wpcf7-form-control-wrap\" data-name=\"your-phone\"><input size=\"40\" maxlength=\"400\" class=\"wpcf7-form-control wpcf7-text wpcf7-validates-as-required\" aria-required=\"true\" aria-invalid=\"false\" placeholder=\"\u0631\u0642\u0645 \u0627\u0644\u0647\u0627\u062a\u0641\" value=\"\" type=\"text\" name=\"your-phone\" \/><\/span>\n\t\t<\/p>\n\t<\/div>\n<\/div>\n<div class=\"columns_wrap contact\">\n\t<div class=\"column-1_1\">\n\t\t<p><span class=\"wpcf7-form-control-wrap\" data-name=\"your-message\"><textarea cols=\"40\" rows=\"10\" maxlength=\"2000\" class=\"wpcf7-form-control wpcf7-textarea\" aria-invalid=\"false\" placeholder=\"\u0631\u0633\u0627\u0644\u062a\u0643\" name=\"your-message\"><\/textarea><\/span>\n\t\t<\/p>\n\t<\/div>\n<\/div>\n<div class=\"column-1_1\">\n\t<p><input class=\"wpcf7-form-control wpcf7-submit has-spinner\" type=\"submit\" value=\"\u0625\u0644\u0649 \u0627\u0644\u0623\u0645\u0627\u0645\" \/>\n\t<\/p>\n<\/div><div class=\"wpcf7-response-output\" aria-hidden=\"true\"><\/div>\n<input type=\"hidden\" name=\"trp-form-language\" value=\"ar\"\/><\/form>\n<\/div>\n<div class=\"vc_empty_space\"   style=\"height: 2em\"><span class=\"vc_empty_space_inner\"><\/span><\/div><div class=\"vc_empty_space  hide_on_tablet hide_on_mobile\"   style=\"height: 3.4em\"><span class=\"vc_empty_space_inner\"><\/span><\/div><\/div><\/div><\/div><\/div><div data-vc-full-width=\"true\" data-vc-full-width-init=\"false\" data-vc-stretch-content=\"true\" class=\"vc_row wpb_row vc_row-fluid vc_row-no-padding\"><div class=\"wpb_column vc_column_container vc_col-sm-12 sc_layouts_column_icons_position_left\"><div class=\"vc_column-inner\"><div class=\"wpb_wrapper\"><div id=\"sc_googlemap_718549902_wrap\" class=\"sc_googlemap_wrap\"><div id=\"sc_googlemap_718549902\"\r\n\t\t\tclass=\"sc_googlemap sc_googlemap_default box_shadows_content trx_addons_inline_211553882\"\r\n\t\t\t\t\t\tdata-zoom=\"15\"\r\n\t\t\tdata-center=\"WV94+3X \u00c7ankaya, Ankara\"\r\n\t\t\tdata-style=\"dark\"\r\n\t\t\tdata-cluster-icon=\"\"\r\n\t\t\t><iframe\r\n\t\t\t\t\tsrc=\"https:\/\/maps.google.com\/maps?t=m&output=embed&iwloc=near&z=15&q=Me%C5%9Frutiyet+Mahallesi%2C+Selanik+Caddesi%2C+60%2F7+K%C4%B1z%C4%B1lay%2C+%C3%87ankaya-Ankara\"\r\n\t\t\t\t\taria-label=\"\"><\/iframe><\/div><\/div><!-- \/.sc_googlemap_wrap --><\/div><\/div><\/div><\/div><div class=\"vc_row-full-width vc_clearfix\"><\/div><div class=\"vc_row wpb_row vc_row-fluid\"><div class=\"wpb_column vc_column_container vc_col-sm-12 sc_layouts_column_icons_position_left\"><div class=\"vc_column-inner\"><div class=\"wpb_wrapper\"><div class=\"vc_empty_space  hide_on_tablet hide_on_mobile\"   style=\"height: 1.8em\"><span class=\"vc_empty_space_inner\"><\/span><\/div><\/div><\/div><\/div><\/div>","protected":false},"excerpt":{"rendered":"\u0130leti\u015fimbize ula\u015f\u0131n Adres\u0130n\u00f6n\u00fc mahalesi 1406 sokak d\u0131\u015fkap\u0131 no:14 i\u00e7 kap\u0131 no:4 YEN\u0130\u015eEHIR\/MERS\u0130NEmail info@tamaragh.comTelefon Y\u00fcksel Kutay&hellip;","protected":false},"author":1,"featured_media":0,"parent":0,"menu_order":0,"comment_status":"closed","ping_status":"closed","template":"","meta":{"footnotes":""},"class_list":["post-153","page","type-page","status-publish","hentry"],"yoast_head":"<!-- This site is optimized with the Yoast SEO plugin v27.4 - https:\/\/yoast.com\/product\/yoast-seo-wordpress\/ -->\n<title>Tamara Global Health - \u0130leti\u015fim<\/title>\n<meta name=\"description\" content=\"\u0130leti\u015fim - Tamara Global Health\" \/>\n<meta name=\"robots\" content=\"index, follow, max-snippet:-1, max-image-preview:large, max-video-preview:-1\" \/>\n<link rel=\"canonical\" href=\"https:\/\/tamaragh.com\/ar\/iletisim\/\" \/>\n<meta property=\"og:locale\" content=\"ar_AR\" \/>\n<meta property=\"og:type\" content=\"article\" \/>\n<meta property=\"og:title\" content=\"Tamara Global Health - \u0130leti\u015fim\" \/>\n<meta property=\"og:description\" content=\"\u0130leti\u015fim - Tamara Global Health\" \/>\n<meta property=\"og:url\" content=\"https:\/\/tamaragh.com\/ar\/iletisim\/\" \/>\n<meta property=\"og:site_name\" content=\"Tamara Global Health\" \/>\n<meta property=\"article:modified_time\" content=\"2023-10-09T11:58:27+00:00\" \/>\n<meta name=\"twitter:card\" content=\"summary_large_image\" \/>\n<meta name=\"twitter:label1\" content=\"\u0648\u0642\u062a \u0627\u0644\u0642\u0631\u0627\u0621\u0629 \u0627\u0644\u0645\u064f\u0642\u062f\u0651\u0631\" \/>\n\t<meta name=\"twitter:data1\" content=\"\u062f\u0642\u064a\u0642\u0629 \u0648\u0627\u062d\u062f\u0629\" \/>\n<script type=\"application\/ld+json\" class=\"yoast-schema-graph\">{\"@context\":\"https:\\\/\\\/schema.org\",\"@graph\":[{\"@type\":\"WebPage\",\"@id\":\"https:\\\/\\\/tamaragh.com\\\/iletisim\\\/\",\"url\":\"https:\\\/\\\/tamaragh.com\\\/iletisim\\\/\",\"name\":\"Tamara Global Health - \u0130leti\u015fim\",\"isPartOf\":{\"@id\":\"https:\\\/\\\/tamaragh.com\\\/#website\"},\"datePublished\":\"2017-10-25T15:49:18+00:00\",\"dateModified\":\"2023-10-09T11:58:27+00:00\",\"description\":\"\u0130leti\u015fim - Tamara Global Health\",\"breadcrumb\":{\"@id\":\"https:\\\/\\\/tamaragh.com\\\/iletisim\\\/#breadcrumb\"},\"inLanguage\":\"ar\",\"potentialAction\":[{\"@type\":\"ReadAction\",\"target\":[\"https:\\\/\\\/tamaragh.com\\\/iletisim\\\/\"]}]},{\"@type\":\"BreadcrumbList\",\"@id\":\"https:\\\/\\\/tamaragh.com\\\/iletisim\\\/#breadcrumb\",\"itemListElement\":[{\"@type\":\"ListItem\",\"position\":1,\"name\":\"Anasayfa\",\"item\":\"https:\\\/\\\/tamaragh.com\\\/\"},{\"@type\":\"ListItem\",\"position\":2,\"name\":\"\u0130leti\u015fim\"}]},{\"@type\":\"WebSite\",\"@id\":\"https:\\\/\\\/tamaragh.com\\\/#website\",\"url\":\"https:\\\/\\\/tamaragh.com\\\/\",\"name\":\"Tamara Global Health\",\"description\":\"Health Tourism\",\"publisher\":{\"@id\":\"https:\\\/\\\/tamaragh.com\\\/#organization\"},\"potentialAction\":[{\"@type\":\"SearchAction\",\"target\":{\"@type\":\"EntryPoint\",\"urlTemplate\":\"https:\\\/\\\/tamaragh.com\\\/?s={search_term_string}\"},\"query-input\":{\"@type\":\"PropertyValueSpecification\",\"valueRequired\":true,\"valueName\":\"search_term_string\"}}],\"inLanguage\":\"ar\"},{\"@type\":\"Organization\",\"@id\":\"https:\\\/\\\/tamaragh.com\\\/#organization\",\"name\":\"Tamara Global Health\",\"url\":\"https:\\\/\\\/tamaragh.com\\\/\",\"logo\":{\"@type\":\"ImageObject\",\"inLanguage\":\"ar\",\"@id\":\"https:\\\/\\\/tamaragh.com\\\/#\\\/schema\\\/logo\\\/image\\\/\",\"url\":\"https:\\\/\\\/tamaragh.com\\\/wp-content\\\/uploads\\\/2022\\\/10\\\/tamara-web-01.png\",\"contentUrl\":\"https:\\\/\\\/tamaragh.com\\\/wp-content\\\/uploads\\\/2022\\\/10\\\/tamara-web-01.png\",\"width\":1042,\"height\":250,\"caption\":\"Tamara Global Health\"},\"image\":{\"@id\":\"https:\\\/\\\/tamaragh.com\\\/#\\\/schema\\\/logo\\\/image\\\/\"},\"sameAs\":[\"https:\\\/\\\/www.instagram.com\\\/tamaraglobalhealth\\\/\"]}]}<\/script>\n<!-- \/ Yoast SEO plugin. -->","yoast_head_json":{"title":"Tamara Global Health - \u0130leti\u015fim","description":"\u0130leti\u015fim - Tamara Global Health","robots":{"index":"index","follow":"follow","max-snippet":"max-snippet:-1","max-image-preview":"max-image-preview:large","max-video-preview":"max-video-preview:-1"},"canonical":"https:\/\/tamaragh.com\/ar\/iletisim\/","og_locale":"ar_AR","og_type":"article","og_title":"Tamara Global Health - \u0130leti\u015fim","og_description":"\u0130leti\u015fim - Tamara Global Health","og_url":"https:\/\/tamaragh.com\/ar\/iletisim\/","og_site_name":"Tamara Global Health","article_modified_time":"2023-10-09T11:58:27+00:00","twitter_card":"summary_large_image","twitter_misc":{"\u0648\u0642\u062a \u0627\u0644\u0642\u0631\u0627\u0621\u0629 \u0627\u0644\u0645\u064f\u0642\u062f\u0651\u0631":"\u062f\u0642\u064a\u0642\u0629 \u0648\u0627\u062d\u062f\u0629"},"schema":{"@context":"https:\/\/schema.org","@graph":[{"@type":"WebPage","@id":"https:\/\/tamaragh.com\/iletisim\/","url":"https:\/\/tamaragh.com\/iletisim\/","name":"Tamara Global Health - \u0130leti\u015fim","isPartOf":{"@id":"https:\/\/tamaragh.com\/#website"},"datePublished":"2017-10-25T15:49:18+00:00","dateModified":"2023-10-09T11:58:27+00:00","description":"\u0130leti\u015fim - Tamara Global Health","breadcrumb":{"@id":"https:\/\/tamaragh.com\/iletisim\/#breadcrumb"},"inLanguage":"ar","potentialAction":[{"@type":"ReadAction","target":["https:\/\/tamaragh.com\/iletisim\/"]}]},{"@type":"BreadcrumbList","@id":"https:\/\/tamaragh.com\/iletisim\/#breadcrumb","itemListElement":[{"@type":"ListItem","position":1,"name":"Anasayfa","item":"https:\/\/tamaragh.com\/"},{"@type":"ListItem","position":2,"name":"\u0130leti\u015fim"}]},{"@type":"WebSite","@id":"https:\/\/tamaragh.com\/#website","url":"https:\/\/tamaragh.com\/","name":"Tamara Global Health","description":"Health Tourism","publisher":{"@id":"https:\/\/tamaragh.com\/#organization"},"potentialAction":[{"@type":"SearchAction","target":{"@type":"EntryPoint","urlTemplate":"https:\/\/tamaragh.com\/?s={search_term_string}"},"query-input":{"@type":"PropertyValueSpecification","valueRequired":true,"valueName":"search_term_string"}}],"inLanguage":"ar"},{"@type":"Organization","@id":"https:\/\/tamaragh.com\/#organization","name":"Tamara Global Health","url":"https:\/\/tamaragh.com\/","logo":{"@type":"ImageObject","inLanguage":"ar","@id":"https:\/\/tamaragh.com\/#\/schema\/logo\/image\/","url":"https:\/\/tamaragh.com\/wp-content\/uploads\/2022\/10\/tamara-web-01.png","contentUrl":"https:\/\/tamaragh.com\/wp-content\/uploads\/2022\/10\/tamara-web-01.png","width":1042,"height":250,"caption":"Tamara Global Health"},"image":{"@id":"https:\/\/tamaragh.com\/#\/schema\/logo\/image\/"},"sameAs":["https:\/\/www.instagram.com\/tamaraglobalhealth\/"]}]}},"_links":{"self":[{"href":"https:\/\/tamaragh.com\/ar\/wp-json\/wp\/v2\/pages\/153","targetHints":{"allow":["GET"]}}],"collection":[{"href":"https:\/\/tamaragh.com\/ar\/wp-json\/wp\/v2\/pages"}],"about":[{"href":"https:\/\/tamaragh.com\/ar\/wp-json\/wp\/v2\/types\/page"}],"author":[{"embeddable":true,"href":"https:\/\/tamaragh.com\/ar\/wp-json\/wp\/v2\/users\/1"}],"replies":[{"embeddable":true,"href":"https:\/\/tamaragh.com\/ar\/wp-json\/wp\/v2\/comments?post=153"}],"version-history":[{"count":6,"href":"https:\/\/tamaragh.com\/ar\/wp-json\/wp\/v2\/pages\/153\/revisions"}],"predecessor-version":[{"id":2014,"href":"https:\/\/tamaragh.com\/ar\/wp-json\/wp\/v2\/pages\/153\/revisions\/2014"}],"wp:attachment":[{"href":"https:\/\/tamaragh.com\/ar\/wp-json\/wp\/v2\/media?parent=153"}],"curies":[{"name":"wp","href":"https:\/\/api.w.org\/{rel}","templated":true}]}}